{"id":2012,"date":"2024-10-21T09:55:17","date_gmt":"2024-10-21T07:55:17","guid":{"rendered":"https:\/\/www.ratemydog.ch\/?page_id=2012"},"modified":"2024-10-21T10:22:35","modified_gmt":"2024-10-21T08:22:35","slug":"tournaments","status":"publish","type":"page","link":"https:\/\/www.ratemydog.ch\/en\/tourniere\/","title":{"rendered":"Tournaments"},"content":{"rendered":"<div data-elementor-type=\"wp-page\" data-elementor-id=\"2012\" class=\"elementor elementor-2012\" data-elementor-post-type=\"page\">\n\t\t\t\t<div class=\"elementor-element elementor-element-e5af89f e-flex e-con-boxed e-con e-parent\" data-id=\"e5af89f\" data-element_type=\"container\" data-e-type=\"container\">\n\t\t\t\t\t<div class=\"e-con-inner\">\n\t\t\t\t<div class=\"elementor-element elementor-element-484008c elementor-widget elementor-widget-heading\" data-id=\"484008c\" data-element_type=\"widget\" data-e-type=\"widget\" data-widget_type=\"heading.default\">\n\t\t\t\t<div class=\"elementor-widget-container\">\n\t\t\t\t\t<h2 class=\"elementor-heading-title elementor-size-default\">Tournaments<\/h2>\t\t\t\t<\/div>\n\t\t\t\t<\/div>\n\t\t\t\t\t<\/div>\n\t\t\t\t<\/div>\n\t\t<div class=\"elementor-element elementor-element-529adc8 e-flex e-con-boxed e-con e-parent\" data-id=\"529adc8\" data-element_type=\"container\" data-e-type=\"container\">\n\t\t\t\t\t<div class=\"e-con-inner\">\n\t\t\t\t<div class=\"elementor-element elementor-element-362faaf elementor-widget elementor-widget-spacer\" data-id=\"362faaf\" data-element_type=\"widget\" data-e-type=\"widget\" data-widget_type=\"spacer.default\">\n\t\t\t\t<div class=\"elementor-widget-container\">\n\t\t\t\t\t\t\t<div class=\"elementor-spacer\">\n\t\t\t<div class=\"elementor-spacer-inner\"><\/div>\n\t\t<\/div>\n\t\t\t\t\t\t<\/div>\n\t\t\t\t<\/div>\n\t\t\t\t\t<\/div>\n\t\t\t\t<\/div>\n\t\t<div class=\"elementor-element elementor-element-c437e70 e-flex e-con-boxed e-con e-parent\" data-id=\"c437e70\" data-element_type=\"container\" data-e-type=\"container\">\n\t\t\t\t\t<div class=\"e-con-inner\">\n\t\t\t\t<div class=\"elementor-element elementor-element-a61c790 elementor-widget elementor-widget-text-editor\" data-id=\"a61c790\" data-element_type=\"widget\" data-e-type=\"widget\" data-widget_type=\"text-editor.default\">\n\t\t\t\t<div class=\"elementor-widget-container\">\n\t\t\t\t\t\t\t\t\t<p>Discover our tours - take part or look back on unforgettable moments!<\/p><p>Whether you're looking for the next challenge with your retriever or want to reminisce about past highlights - you'll find everything here! Register directly for upcoming seminars &amp; working tests and secure your starting place.<br \/>Take a look at the impressive impressions of our past events and browse through the rankings. <br \/>Be inspired and become part of our success story!<\/p>\t\t\t\t\t\t\t\t<\/div>\n\t\t\t\t<\/div>\n\t\t\t\t\t<\/div>\n\t\t\t\t<\/div>\n\t\t<div class=\"elementor-element elementor-element-e231f74 e-flex e-con-boxed e-con e-parent\" data-id=\"e231f74\" data-element_type=\"container\" data-e-type=\"container\">\n\t\t\t\t\t<div class=\"e-con-inner\">\n\t\t\t\t<div class=\"elementor-element elementor-element-2b4d818 elementor-widget elementor-widget-spacer\" data-id=\"2b4d818\" data-element_type=\"widget\" data-e-type=\"widget\" data-widget_type=\"spacer.default\">\n\t\t\t\t<div class=\"elementor-widget-container\">\n\t\t\t\t\t\t\t<div class=\"elementor-spacer\">\n\t\t\t<div class=\"elementor-spacer-inner\"><\/div>\n\t\t<\/div>\n\t\t\t\t\t\t<\/div>\n\t\t\t\t<\/div>\n\t\t\t\t\t<\/div>\n\t\t\t\t<\/div>\n\t\t<div class=\"elementor-element elementor-element-21a60ae e-flex e-con-boxed e-con e-parent\" data-id=\"21a60ae\" data-element_type=\"container\" data-e-type=\"container\">\n\t\t\t\t\t<div class=\"e-con-inner\">\n\t\t\t\t<div class=\"elementor-element elementor-element-01252d1 pp-posts-image-stack-mobile elementor-widget elementor-widget-pp-posts\" data-id=\"01252d1\" data-element_type=\"widget\" data-e-type=\"widget\" data-widget_type=\"pp-posts.checkerboard\">\n\t\t\t\t<div class=\"elementor-widget-container\">\n\t\t\t\t\t\t\t<div class=\"pp-posts-container\">\n\t\t\t\n\t\t\t\t\t\t\t\t\t\t\n\t\t\t<div class=\"pp-posts pp-posts-skin-checkerboard\" data-query-type=\"custom\" data-layout=\"grid\" data-page=\"2012\" data-skin=\"checkerboard\">\n\t\t\t\t\t\t\t\t\t\t\t<div class=\"pp-post-wrap pp-grid-item-wrap elementor-grid-item post-2997 post type-post status-publish format-standard has-post-thumbnail hentry category-tournier\">\n\t\t\t\t\t\t<div class=\"pp-post pp-grid-item\">\n\t\t\t\t\t\t<div class=\"pp-post-thumbnail\">\n\t\t\t<a class=\"pp-post-thumbnail-wrap\" href=\"https:\/\/www.ratemydog.ch\/en\/retriever-working-days-silvaplana-2026\/\" title=\"Retriever Working Days Silvaplana 2026\">\n\t\t\t\t<img fetchpriority=\"high\" decoding=\"async\" width=\"768\" height=\"579\" src=\"https:\/\/www.ratemydog.ch\/wp-content\/uploads\/2025\/08\/PXL_20250829_083738886-scaled-768x579.jpg\" class=\"attachment-medium_large size-medium_large wp-image-2811\" alt=\"Group of dogs and owners at an outdoor dog event, surrounded by trees.\" title=\"\" srcset=\"https:\/\/www.ratemydog.ch\/wp-content\/uploads\/2025\/08\/PXL_20250829_083738886-scaled-768x579.jpg 768w, https:\/\/www.ratemydog.ch\/wp-content\/uploads\/2025\/08\/PXL_20250829_083738886-scaled-300x226.jpg 300w, https:\/\/www.ratemydog.ch\/wp-content\/uploads\/2025\/08\/PXL_20250829_083738886-scaled-600x452.jpg 600w, https:\/\/www.ratemydog.ch\/wp-content\/uploads\/2025\/08\/PXL_20250829_083738886-scaled.jpg 1536w\" sizes=\"(max-width: 768px) 100vw, 768px\" \/>\t\t\t<\/a>\n\t\t<\/div>\n\t\t\t\t\t\t<div class=\"pp-post-content-wrap\">\n\t\t\t\t\t<div class=\"pp-post-content\">\n\t\t\t\t\t\t\t\t\t\t<div class=\"pp-post-terms-wrap\">\n\t\t\t<span class=\"pp-post-terms\">\n\t\t\t\t<span class=\"pp-post-term\">Tournament<\/span>\t\t\t<\/span>\n\t\t<\/div>\n\t\t\t\t\t\t\t\t\t\t<h2 class=\"pp-post-title\">\n\t\t\t\t<a href=\"https:\/\/www.ratemydog.ch\/en\/retriever-working-days-silvaplana-2026\/\">Retriever Working Days Silvaplana 2026<\/a>\t\t\t<\/h2>\n\t\t\t\t\t\t<a class=\"pp-posts-button elementor-button elementor-size-sm\" href=\"https:\/\/www.ratemydog.ch\/en\/retriever-working-days-silvaplana-2026\/\" title=\"Retriever Working Days Silvaplana 2026\" aria-label=\"Read more about Retriever Working Days Silvaplana 2026\">\n\t\t\t\t<span class=\"elementor-button-content-wrapper\">\n\t\t\t\t\t\t\t\t\t\t\t<span class=\"pp-button-text\">\n\t\t\t\t\t\t\tMore\t\t\t\t\t\t<\/span>\n\t\t\t\t\t\t\t\t<span class=\"pp-button-icon elementor-button-icon\">\n\t\t\t\t\t\t\t<\/span>\n\t\t\t\t\t\t\t<\/span>\n\t\t\t<\/a>\n\t\t\t\t\t\t\t<\/div>\n\t\t\t\t<\/div>\n\t\t\t<\/div>\n\t\t\t\t\t<\/div>\n\t\t\t\t<div class=\"pp-post-wrap pp-grid-item-wrap elementor-grid-item post-2166 post type-post status-publish format-standard has-post-thumbnail hentry category-tournier\">\n\t\t\t\t\t\t<div class=\"pp-post pp-grid-item\">\n\t\t\t\t\t\t<div class=\"pp-post-thumbnail\">\n\t\t\t<a class=\"pp-post-thumbnail-wrap\" href=\"https:\/\/www.ratemydog.ch\/en\/retriever-working-days-silvaplana-2025\/\" title=\"Retriever Working Days Silvaplana 2025\">\n\t\t\t\t<img decoding=\"async\" width=\"768\" height=\"535\" src=\"https:\/\/www.ratemydog.ch\/wp-content\/uploads\/2024\/03\/Bildschirmfoto-2024-03-02-um-15.11.40-768x535.png\" class=\"attachment-medium_large size-medium_large wp-image-677\" alt=\"Labrador during water training with ball, dog retrieving in the water.\" title=\"\" srcset=\"https:\/\/www.ratemydog.ch\/wp-content\/uploads\/2024\/03\/Bildschirmfoto-2024-03-02-um-15.11.40-768x535.png 768w, https:\/\/www.ratemydog.ch\/wp-content\/uploads\/2024\/03\/Bildschirmfoto-2024-03-02-um-15.11.40-300x209.png 300w, https:\/\/www.ratemydog.ch\/wp-content\/uploads\/2024\/03\/Bildschirmfoto-2024-03-02-um-15.11.40-600x418.png 600w, https:\/\/www.ratemydog.ch\/wp-content\/uploads\/2024\/03\/Bildschirmfoto-2024-03-02-um-15.11.40.png 1536w\" sizes=\"(max-width: 768px) 100vw, 768px\" \/>\t\t\t<\/a>\n\t\t<\/div>\n\t\t\t\t\t\t<div class=\"pp-post-content-wrap\">\n\t\t\t\t\t<div class=\"pp-post-content\">\n\t\t\t\t\t\t\t\t\t\t<div class=\"pp-post-terms-wrap\">\n\t\t\t<span class=\"pp-post-terms\">\n\t\t\t\t<span class=\"pp-post-term\">Tournament<\/span>\t\t\t<\/span>\n\t\t<\/div>\n\t\t\t\t\t\t\t\t\t\t<h2 class=\"pp-post-title\">\n\t\t\t\t<a href=\"https:\/\/www.ratemydog.ch\/en\/retriever-working-days-silvaplana-2025\/\">Retriever Working Days Silvaplana 2025<\/a>\t\t\t<\/h2>\n\t\t\t\t\t\t<a class=\"pp-posts-button elementor-button elementor-size-sm\" href=\"https:\/\/www.ratemydog.ch\/en\/retriever-working-days-silvaplana-2025\/\" title=\"Retriever Working Days Silvaplana 2025\" aria-label=\"Read more about Retriever Working Days Silvaplana 2025\">\n\t\t\t\t<span class=\"elementor-button-content-wrapper\">\n\t\t\t\t\t\t\t\t\t\t\t<span class=\"pp-button-text\">\n\t\t\t\t\t\t\tMore\t\t\t\t\t\t<\/span>\n\t\t\t\t\t\t\t\t<span class=\"pp-button-icon elementor-button-icon\">\n\t\t\t\t\t\t\t<\/span>\n\t\t\t\t\t\t\t<\/span>\n\t\t\t<\/a>\n\t\t\t\t\t\t\t<\/div>\n\t\t\t\t<\/div>\n\t\t\t<\/div>\n\t\t\t\t\t<\/div>\n\t\t\t\t<div class=\"pp-post-wrap pp-grid-item-wrap elementor-grid-item post-270 post type-post status-publish format-standard has-post-thumbnail hentry category-tournier\">\n\t\t\t\t\t\t<div class=\"pp-post pp-grid-item\">\n\t\t\t\t\t\t<div class=\"pp-post-thumbnail\">\n\t\t\t<a class=\"pp-post-thumbnail-wrap\" href=\"https:\/\/www.ratemydog.ch\/en\/retriever-working-days-silvaplana-2024\/\" title=\"Retriever Working Days Silvaplana 2024\">\n\t\t\t\t<img decoding=\"async\" width=\"768\" height=\"579\" src=\"https:\/\/www.ratemydog.ch\/wp-content\/uploads\/2024\/08\/PXL_20240823_064020154-scaled-768x579.jpg\" class=\"attachment-medium_large size-medium_large wp-image-1967\" alt=\"Outdoor dog event with dog owners and trainers, at RateMyDog platform for dog events.\" title=\"\" srcset=\"https:\/\/www.ratemydog.ch\/wp-content\/uploads\/2024\/08\/PXL_20240823_064020154-scaled-768x579.jpg 768w, https:\/\/www.ratemydog.ch\/wp-content\/uploads\/2024\/08\/PXL_20240823_064020154-scaled-300x226.jpg 300w, https:\/\/www.ratemydog.ch\/wp-content\/uploads\/2024\/08\/PXL_20240823_064020154-scaled-600x452.jpg 600w, https:\/\/www.ratemydog.ch\/wp-content\/uploads\/2024\/08\/PXL_20240823_064020154-scaled.jpg 1536w\" sizes=\"(max-width: 768px) 100vw, 768px\" \/>\t\t\t<\/a>\n\t\t<\/div>\n\t\t\t\t\t\t<div class=\"pp-post-content-wrap\">\n\t\t\t\t\t<div class=\"pp-post-content\">\n\t\t\t\t\t\t\t\t\t\t<div class=\"pp-post-terms-wrap\">\n\t\t\t<span class=\"pp-post-terms\">\n\t\t\t\t<span class=\"pp-post-term\">Tournament<\/span>\t\t\t<\/span>\n\t\t<\/div>\n\t\t\t\t\t\t\t\t\t\t<h2 class=\"pp-post-title\">\n\t\t\t\t<a href=\"https:\/\/www.ratemydog.ch\/en\/retriever-working-days-silvaplana-2024\/\">Retriever Working Days Silvaplana 2024<\/a>\t\t\t<\/h2>\n\t\t\t\t\t\t<a class=\"pp-posts-button elementor-button elementor-size-sm\" href=\"https:\/\/www.ratemydog.ch\/en\/retriever-working-days-silvaplana-2024\/\" title=\"Retriever Working Days Silvaplana 2024\" aria-label=\"Read more about Retriever Working Days Silvaplana 2024\">\n\t\t\t\t<span class=\"elementor-button-content-wrapper\">\n\t\t\t\t\t\t\t\t\t\t\t<span class=\"pp-button-text\">\n\t\t\t\t\t\t\tMore\t\t\t\t\t\t<\/span>\n\t\t\t\t\t\t\t\t<span class=\"pp-button-icon elementor-button-icon\">\n\t\t\t\t\t\t\t<\/span>\n\t\t\t\t\t\t\t<\/span>\n\t\t\t<\/a>\n\t\t\t\t\t\t\t<\/div>\n\t\t\t\t<\/div>\n\t\t\t<\/div>\n\t\t\t\t\t<\/div>\n\t\t\t\t\t\t\t\t\t<\/div>\n\t\t\t\n\t\t\t\n\t\t\t\n\t\t\t\n\t\t\t\t\t\t\t\t\t\t\t\t<\/div>\n\n\t\t\n\t\t\t\t\t\t<\/div>\n\t\t\t\t<\/div>\n\t\t\t\t\t<\/div>\n\t\t\t\t<\/div>\n\t\t\t\t<\/div>","protected":false},"excerpt":{"rendered":"<p>Entdecke unsere Tourniere \u2013 Sei dabei oder schau zur\u00fcck auf unvergessliche Momente! Ob du auf der Suche nach der n\u00e4chsten Herausforderung mit deinem Retriever bist oder in Erinnerungen an vergangene Highlights schwelgen m\u00f6chtest \u2013 hier findest du alles! Melde dich direkt f\u00fcr bevorstehende Seminare &amp; Working Tests an und sichere dir deinen Startplatz.Schau dir die [&hellip;]<\/p>\n","protected":false},"author":4,"featured_media":0,"parent":0,"menu_order":0,"comment_status":"closed","ping_status":"closed","template":"","meta":{"footnotes":""},"class_list":["post-2012","page","type-page","status-publish","hentry"],"_links":{"self":[{"href":"https:\/\/www.ratemydog.ch\/en\/wp-json\/wp\/v2\/pages\/2012","targetHints":{"allow":["GET"]}}],"collection":[{"href":"https:\/\/www.ratemydog.ch\/en\/wp-json\/wp\/v2\/pages"}],"about":[{"href":"https:\/\/www.ratemydog.ch\/en\/wp-json\/wp\/v2\/types\/page"}],"author":[{"embeddable":true,"href":"https:\/\/www.ratemydog.ch\/en\/wp-json\/wp\/v2\/users\/4"}],"replies":[{"embeddable":true,"href":"https:\/\/www.ratemydog.ch\/en\/wp-json\/wp\/v2\/comments?post=2012"}],"version-history":[{"count":0,"href":"https:\/\/www.ratemydog.ch\/en\/wp-json\/wp\/v2\/pages\/2012\/revisions"}],"wp:attachment":[{"href":"https:\/\/www.ratemydog.ch\/en\/wp-json\/wp\/v2\/media?parent=2012"}],"curies":[{"name":"wp","href":"https:\/\/api.w.org\/{rel}","templated":true}]}}